{"id":123,"date":"2023-11-24T15:14:56","date_gmt":"2023-11-24T15:14:56","guid":{"rendered":"https:\/\/unaimagen.com.ar\/art\/?post_type=product&#038;p=123"},"modified":"2024-05-14T20:38:23","modified_gmt":"2024-05-14T20:38:23","slug":"amanecer-sol-asomandose-en-el-horizonte-entre-dos-arboles","status":"publish","type":"product","link":"https:\/\/unaimagen.com.ar\/art\/tienda\/paisajes\/amanecer-sol-asomandose-en-el-horizonte-entre-dos-arboles\/","title":{"rendered":"Amanecer sol asom\u00e1ndose en el horizonte entre dos \u00e1rboles"},"content":{"rendered":"<p><strong>Caracter\u00edsticas del producto<\/strong><br \/>\nMarca: Una Art<br \/>\nModelo: L\u00e1minas para imprimir<br \/>\nTem\u00e1tica del cuadro: Paisajes<br \/>\nAltura x Ancho : 67 cm x 38 cm<br \/>\nDPI: 250<br \/>\nDisposici\u00f3n: Apaisada<br \/>\nColor: a todo color CYMK<br \/>\nIncluye cuadro o marco: No<\/p>\n<p><strong>Los productos imprimibles:<\/strong><\/p>\n<ul>\n<li>Pueden ser impresos en distintos tipos y gramajes de papel.<\/li>\n<li>Se pueden imprimir los archivos las veces que necesite.<\/li>\n<li>Recepci\u00f3n inmediata, ya que una vez acreditado el pago recib\u00eds el archivo.<\/li>\n<\/ul>\n<p>&nbsp;<\/p>\n<p><strong>El archivo estar\u00e1 disponible despu\u00e9s de efectuar el pago.<\/strong><br \/>\n<strong>Recibir\u00e1s un correo electr\u00f3nico y el archivo de descarga.<br \/>\nSon L\u00e1minas digitales para que imprimas en tu casa o en donde quieras.<\/strong><\/p>\n","protected":false},"excerpt":{"rendered":"<p>L\u00e1mina digital lista para imprimir de Amanecer con el sol asom\u00e1ndose en el horizonte entre dos \u00e1rboles.<\/p>\n","protected":false},"featured_media":119,"template":"","meta":{"_et_pb_use_builder":"","_et_pb_old_content":"","_et_gb_content_width":""},"product_brand":[],"product_cat":[20],"product_tag":[],"class_list":{"0":"post-123","1":"product","2":"type-product","3":"status-publish","4":"has-post-thumbnail","6":"product_cat-paisajes","8":"first","9":"instock","10":"downloadable","11":"virtual","12":"purchasable","13":"product-type-simple"},"_links":{"self":[{"href":"https:\/\/unaimagen.com.ar\/art\/wp-json\/wp\/v2\/product\/123","targetHints":{"allow":["GET"]}}],"collection":[{"href":"https:\/\/unaimagen.com.ar\/art\/wp-json\/wp\/v2\/product"}],"about":[{"href":"https:\/\/unaimagen.com.ar\/art\/wp-json\/wp\/v2\/types\/product"}],"wp:featuredmedia":[{"embeddable":true,"href":"https:\/\/unaimagen.com.ar\/art\/wp-json\/wp\/v2\/media\/119"}],"wp:attachment":[{"href":"https:\/\/unaimagen.com.ar\/art\/wp-json\/wp\/v2\/media?parent=123"}],"wp:term":[{"taxonomy":"product_brand","embeddable":true,"href":"https:\/\/unaimagen.com.ar\/art\/wp-json\/wp\/v2\/product_brand?post=123"},{"taxonomy":"product_cat","embeddable":true,"href":"https:\/\/unaimagen.com.ar\/art\/wp-json\/wp\/v2\/product_cat?post=123"},{"taxonomy":"product_tag","embeddable":true,"href":"https:\/\/unaimagen.com.ar\/art\/wp-json\/wp\/v2\/product_tag?post=123"}],"curies":[{"name":"wp","href":"https:\/\/api.w.org\/{rel}","templated":true}]}}